{"id":676,"date":"2023-10-18T15:24:11","date_gmt":"2023-10-18T13:24:11","guid":{"rendered":"https:\/\/www.encor.be\/?page_id=676"},"modified":"2023-10-18T16:18:09","modified_gmt":"2023-10-18T14:18:09","slug":"conditions-generales-de-vente","status":"publish","type":"page","link":"https:\/\/www.encor.be\/?page_id=676","title":{"rendered":"Conditions g\u00e9n\u00e9rales de vente"},"content":{"rendered":"\t\t<div data-elementor-type=\"wp-page\" data-elementor-id=\"676\" class=\"elementor elementor-676\" data-elementor-post-type=\"page\">\n\t\t\t\t\t\t<section class=\"elementor-section elementor-top-section elementor-element elementor-element-388704e elementor-section-boxed elementor-section-height-default elementor-section-height-default\" data-id=\"388704e\" data-element_type=\"section\">\n\t\t\t\t\t\t<div class=\"elementor-container elementor-column-gap-default\">\n\t\t\t\t\t<div class=\"elementor-column elementor-col-100 elementor-top-column elementor-element elementor-element-360db29\" data-id=\"360db29\" data-element_type=\"column\">\n\t\t\t<div class=\"elementor-widget-wrap elementor-element-populated\">\n\t\t\t\t\t\t<div class=\"elementor-element elementor-element-9e78043 elementor-widget elementor-widget-heading\" data-id=\"9e78043\" data-element_type=\"widget\" data-widget_type=\"heading.default\">\n\t\t\t\t<div class=\"elementor-widget-container\">\n\t\t\t<style>\/*! elementor - v3.19.0 - 26-02-2024 *\/\n.elementor-heading-title{padding:0;margin:0;line-height:1}.elementor-widget-heading .elementor-heading-title[class*=elementor-size-]>a{color:inherit;font-size:inherit;line-height:inherit}.elementor-widget-heading .elementor-heading-title.elementor-size-small{font-size:15px}.elementor-widget-heading .elementor-heading-title.elementor-size-medium{font-size:19px}.elementor-widget-heading .elementor-heading-title.elementor-size-large{font-size:29px}.elementor-widget-heading .elementor-heading-title.elementor-size-xl{font-size:39px}.elementor-widget-heading .elementor-heading-title.elementor-size-xxl{font-size:59px}<\/style><h2 class=\"elementor-heading-title elementor-size-default\">Conditions g\u00e9n\u00e9rales de vente<\/h2>\t\t<\/div>\n\t\t\t\t<\/div>\n\t\t\t\t\t<\/div>\n\t\t<\/div>\n\t\t\t\t\t<\/div>\n\t\t<\/section>\n\t\t\t\t<section class=\"elementor-section elementor-top-section elementor-element elementor-element-df0da14 elementor-section-boxed elementor-section-height-default elementor-section-height-default\" data-id=\"df0da14\" data-element_type=\"section\">\n\t\t\t\t\t\t<div class=\"elementor-container elementor-column-gap-default\">\n\t\t\t\t\t<div class=\"elementor-column elementor-col-100 elementor-top-column elementor-element elementor-element-e3e204f\" data-id=\"e3e204f\" data-element_type=\"column\">\n\t\t\t<div class=\"elementor-widget-wrap elementor-element-populated\">\n\t\t\t\t\t\t<div class=\"elementor-element elementor-element-64557bf elementor-widget elementor-widget-text-editor\" data-id=\"64557bf\" data-element_type=\"widget\" data-widget_type=\"text-editor.default\">\n\t\t\t\t<div class=\"elementor-widget-container\">\n\t\t\t<style>\/*! elementor - v3.19.0 - 26-02-2024 *\/\n.elementor-widget-text-editor.elementor-drop-cap-view-stacked .elementor-drop-cap{background-color:#69727d;color:#fff}.elementor-widget-text-editor.elementor-drop-cap-view-framed .elementor-drop-cap{color:#69727d;border:3px solid;background-color:transparent}.elementor-widget-text-editor:not(.elementor-drop-cap-view-default) .elementor-drop-cap{margin-top:8px}.elementor-widget-text-editor:not(.elementor-drop-cap-view-default) .elementor-drop-cap-letter{width:1em;height:1em}.elementor-widget-text-editor .elementor-drop-cap{float:left;text-align:center;line-height:1;font-size:50px}.elementor-widget-text-editor .elementor-drop-cap-letter{display:inline-block}<\/style>\t\t\t\t<p><strong><span style=\"text-decoration: underline;\">G\u00e9n\u00e9ralit\u00e9s<\/span><\/strong><\/p>\n<p>Sauf d\u00e9rogation expresse et \u00e9crite, toutes les relations entre Encor &#8211; The Enneagram Corner et ses clients sont r\u00e9gies par les pr\u00e9sentes conditions g\u00e9n\u00e9rales de vente. Par sa commande, le client marque son accord avec lesdites conditions et renonce \u00e0 se pr\u00e9valoir d\u2019autres conditions g\u00e9n\u00e9rales ou particuli\u00e8res mentionn\u00e9es dans ses bons de commande ou sur ses autres documents.<\/p>\n<p><span style=\"text-decoration: underline;\"><strong>Commande faisant suite \u00e0 l\u2019offre<\/strong><\/span><\/p>\n<p>Cette commande engage le client envers Encor &#8211; The Enneagram Corner sous r\u00e9serve de son droit d\u2019annulation conform\u00e9ment aux dispositions ci-dessous.<\/p>\n<p><span style=\"text-decoration: underline;\"><strong>Annulation et report<\/strong><\/span><\/p>\n<p>1. Annulation et report par le fait du client<br>1.1 Le client dispose du droit d\u2019annuler sa commande de formation.<br>1.2 L\u2019annulation d\u2019une formation doit toujours \u00eatre signal\u00e9e par courrier ou par e-mail.<br>1.3 En cas d\u2019annulation, plus de 15 jours avant le d\u00e9but du s\u00e9minaire, la formation peut toujours \u00eatre report\u00e9e par le client sans frais additionnel.&nbsp;<br>1.4 En cas d\u2019annulation tardive entre 15 et 8 jours avant le d\u00e9but du s\u00e9minaire, 50% des frais d\u2019inscription sont dus.<br>1.5 Si l\u2019annulation intervient dans les 7 jours pr\u00e9c\u00e9dant le s\u00e9minaire, la totalit\u00e9 des frais d\u2019inscription est due.<\/p>\n<p>2. Report par le fait de Encor &#8211; The Enneagram Corner<\/p>\n<p>En cas de report du fait de Encor &#8211; The Enneagram Corner, celui-ci informera le client par courrier ou par e-mail afin de convenir, soit du report de la formation \u00e0 une date ult\u00e9rieure, soit d\u2019un autre formateur pouvant animer le s\u00e9minaire.<\/p>\n<p><span style=\"text-decoration: underline;\"><strong>Tarifs<\/strong><\/span><br>1. Les prix des s\u00e9minaires sont forfaitaires et fix\u00e9s dans l\u2019offre.<br>2. Tous nos prix sont stipul\u00e9s taxe comprise<br>3. Sauf stipulation contraire dans l\u2019offre, les prix s\u2019entendent hors frais de d\u00e9placement du formateur et hors frais de documentation.<br>4. Les prix ne comprennent pas la location \u00e9ventuelle de salle.<\/p>\n<p><span style=\"text-decoration: underline;\"><strong>Paiement<\/strong><\/span><\/p>\n<p>1. Les prix des s\u00e9minaires sont payables au comptant d\u00e8s r\u00e9ception de la facture.<br>2. La facture est \u00e9mise avant le premier jour de la formation<br>3. Les factures sont payables \u00e0 Gembloux, au si\u00e8ge social de Encor &#8211; The Enneagram Corner.<br>4. Le d\u00e9faut de paiement \u00e0 la date d\u2019\u00e9ch\u00e9ance des factures pourra donner lieu, de plein droit, \u00e0 l\u2019application de p\u00e9nalit\u00e9s de retard, calcul\u00e9es au taux de 1,5% par mois.<br>5. Les r\u00e9clamations concernant les factures doivent \u00eatre adress\u00e9es \u00e0 Encor &#8211; The Enneagram Corner par \u00e9crit dans les 8 jours suivant la date d\u2019\u00e9mission.<\/p>\n<p><span style=\"text-decoration: underline;\"><strong>Supports<\/strong><\/span><\/p>\n<p>1. Tous les supports, programmes, cours, travaux et documents remis aux participants lors des actions de formation, demeurent la propri\u00e9t\u00e9 exclusive de Encor &#8211; The Enneagram Corner.<br>2. L\u2019exploitation, la reproduction effectu\u00e9e sur tous supports, la traduction en toute langue, la commercialisation et la reproduction par tout proc\u00e9d\u00e9 de communication de tout ou partie des supports, programmes, cours, travaux ou de tout document sont interdites sans l\u2019autorisation pr\u00e9alable de Encor &#8211; The Enneagram Corner.<br>3. Les entreprises sont solidairement responsables avec les participants de toute infraction aux dispositions qui pr\u00e9c\u00e8dent.<\/p>\n<p><span style=\"text-decoration: underline;\"><strong>Litige<\/strong><\/span><\/p>\n<p>En cas de contestation sur les pr\u00e9sentes conditions, les tribunaux de Nivelles sont seuls comp\u00e9tents.<\/p>\t\t\t\t\t\t<\/div>\n\t\t\t\t<\/div>\n\t\t\t\t\t<\/div>\n\t\t<\/div>\n\t\t\t\t\t<\/div>\n\t\t<\/section>\n\t\t\t\t<\/div>\n\t\t","protected":false},"excerpt":{"rendered":"<p>Conditions g\u00e9n\u00e9rales de vente G\u00e9n\u00e9ralit\u00e9s Sauf d\u00e9rogation expresse et \u00e9crite, toutes les relations entre Encor &#8211; The Enneagram Corner et ses clients sont r\u00e9gies par les pr\u00e9sentes conditions g\u00e9n\u00e9rales de [&hellip;]<\/p>\n","protected":false},"author":1,"featured_media":0,"parent":0,"menu_order":0,"comment_status":"closed","ping_status":"closed","template":"","meta":{"_price":"","_stock":"","_tribe_ticket_header":"","_tribe_default_ticket_provider":"","_tribe_ticket_capacity":"0","_ticket_start_date":"","_ticket_end_date":"","_tribe_ticket_show_description":"","_tribe_ticket_show_not_going":false,"_tribe_ticket_use_global_stock":"","_tribe_ticket_global_stock_level":"","_global_stock_mode":"","_global_stock_cap":"","_tribe_rsvp_for_event":"","_tribe_ticket_going_count":"","_tribe_ticket_not_going_count":"","_tribe_tickets_list":"[]","_tribe_ticket_has_attendee_info_fields":false,"footnotes":""},"class_list":["post-676","page","type-page","status-publish","hentry"],"yoast_head":"<!-- This site is optimized with the Yoast SEO plugin v22.1 - https:\/\/yoast.com\/wordpress\/plugins\/seo\/ -->\n<title>Conditions g\u00e9n\u00e9rales de vente - The Enneagram Corner<\/title>\n<meta name=\"robots\" content=\"index, follow, max-snippet:-1, max-image-preview:large, max-video-preview:-1\" \/>\n<link rel=\"canonical\" href=\"https:\/\/www.encor.be\/?page_id=676\" \/>\n<meta property=\"og:locale\" content=\"fr_FR\" \/>\n<meta property=\"og:type\" content=\"article\" \/>\n<meta property=\"og:title\" content=\"Conditions g\u00e9n\u00e9rales de vente - The Enneagram Corner\" \/>\n<meta property=\"og:description\" content=\"Conditions g\u00e9n\u00e9rales de vente G\u00e9n\u00e9ralit\u00e9s Sauf d\u00e9rogation expresse et \u00e9crite, toutes les relations entre Encor &#8211; The Enneagram Corner et ses clients sont r\u00e9gies par les pr\u00e9sentes conditions g\u00e9n\u00e9rales de [&hellip;]\" \/>\n<meta property=\"og:url\" content=\"https:\/\/www.encor.be\/?page_id=676\" \/>\n<meta property=\"og:site_name\" content=\"The Enneagram Corner\" \/>\n<meta property=\"article:modified_time\" content=\"2023-10-18T14:18:09+00:00\" \/>\n<meta name=\"twitter:card\" content=\"summary_large_image\" \/>\n<meta name=\"twitter:label1\" content=\"Dur\u00e9e de lecture estim\u00e9e\" \/>\n\t<meta name=\"twitter:data1\" content=\"3 minutes\" \/>\n<script type=\"application\/ld+json\" class=\"yoast-schema-graph\">{\"@context\":\"https:\/\/schema.org\",\"@graph\":[{\"@type\":\"WebPage\",\"@id\":\"https:\/\/www.encor.be\/?page_id=676\",\"url\":\"https:\/\/www.encor.be\/?page_id=676\",\"name\":\"Conditions g\u00e9n\u00e9rales de vente - The Enneagram Corner\",\"isPartOf\":{\"@id\":\"https:\/\/www.encor.be\/#website\"},\"datePublished\":\"2023-10-18T13:24:11+00:00\",\"dateModified\":\"2023-10-18T14:18:09+00:00\",\"breadcrumb\":{\"@id\":\"https:\/\/www.encor.be\/?page_id=676#breadcrumb\"},\"inLanguage\":\"fr-FR\",\"potentialAction\":[{\"@type\":\"ReadAction\",\"target\":[\"https:\/\/www.encor.be\/?page_id=676\"]}]},{\"@type\":\"BreadcrumbList\",\"@id\":\"https:\/\/www.encor.be\/?page_id=676#breadcrumb\",\"itemListElement\":[{\"@type\":\"ListItem\",\"position\":1,\"name\":\"Accueil\",\"item\":\"https:\/\/www.encor.be\/\"},{\"@type\":\"ListItem\",\"position\":2,\"name\":\"Conditions g\u00e9n\u00e9rales de vente\"}]},{\"@type\":\"WebSite\",\"@id\":\"https:\/\/www.encor.be\/#website\",\"url\":\"https:\/\/www.encor.be\/\",\"name\":\"The Enneagram Corner\",\"description\":\"\",\"potentialAction\":[{\"@type\":\"SearchAction\",\"target\":{\"@type\":\"EntryPoint\",\"urlTemplate\":\"https:\/\/www.encor.be\/?s={search_term_string}\"},\"query-input\":\"required name=search_term_string\"}],\"inLanguage\":\"fr-FR\"}]}<\/script>\n<!-- \/ Yoast SEO plugin. -->","yoast_head_json":{"title":"Conditions g\u00e9n\u00e9rales de vente - The Enneagram Corner","robots":{"index":"index","follow":"follow","max-snippet":"max-snippet:-1","max-image-preview":"max-image-preview:large","max-video-preview":"max-video-preview:-1"},"canonical":"https:\/\/www.encor.be\/?page_id=676","og_locale":"fr_FR","og_type":"article","og_title":"Conditions g\u00e9n\u00e9rales de vente - The Enneagram Corner","og_description":"Conditions g\u00e9n\u00e9rales de vente G\u00e9n\u00e9ralit\u00e9s Sauf d\u00e9rogation expresse et \u00e9crite, toutes les relations entre Encor &#8211; The Enneagram Corner et ses clients sont r\u00e9gies par les pr\u00e9sentes conditions g\u00e9n\u00e9rales de [&hellip;]","og_url":"https:\/\/www.encor.be\/?page_id=676","og_site_name":"The Enneagram Corner","article_modified_time":"2023-10-18T14:18:09+00:00","twitter_card":"summary_large_image","twitter_misc":{"Dur\u00e9e de lecture estim\u00e9e":"3 minutes"},"schema":{"@context":"https:\/\/schema.org","@graph":[{"@type":"WebPage","@id":"https:\/\/www.encor.be\/?page_id=676","url":"https:\/\/www.encor.be\/?page_id=676","name":"Conditions g\u00e9n\u00e9rales de vente - The Enneagram Corner","isPartOf":{"@id":"https:\/\/www.encor.be\/#website"},"datePublished":"2023-10-18T13:24:11+00:00","dateModified":"2023-10-18T14:18:09+00:00","breadcrumb":{"@id":"https:\/\/www.encor.be\/?page_id=676#breadcrumb"},"inLanguage":"fr-FR","potentialAction":[{"@type":"ReadAction","target":["https:\/\/www.encor.be\/?page_id=676"]}]},{"@type":"BreadcrumbList","@id":"https:\/\/www.encor.be\/?page_id=676#breadcrumb","itemListElement":[{"@type":"ListItem","position":1,"name":"Accueil","item":"https:\/\/www.encor.be\/"},{"@type":"ListItem","position":2,"name":"Conditions g\u00e9n\u00e9rales de vente"}]},{"@type":"WebSite","@id":"https:\/\/www.encor.be\/#website","url":"https:\/\/www.encor.be\/","name":"The Enneagram Corner","description":"","potentialAction":[{"@type":"SearchAction","target":{"@type":"EntryPoint","urlTemplate":"https:\/\/www.encor.be\/?s={search_term_string}"},"query-input":"required name=search_term_string"}],"inLanguage":"fr-FR"}]}},"jetpack_sharing_enabled":true,"ticketed":false,"_links":{"self":[{"href":"https:\/\/www.encor.be\/index.php?rest_route=\/wp\/v2\/pages\/676","targetHints":{"allow":["GET"]}}],"collection":[{"href":"https:\/\/www.encor.be\/index.php?rest_route=\/wp\/v2\/pages"}],"about":[{"href":"https:\/\/www.encor.be\/index.php?rest_route=\/wp\/v2\/types\/page"}],"author":[{"embeddable":true,"href":"https:\/\/www.encor.be\/index.php?rest_route=\/wp\/v2\/users\/1"}],"replies":[{"embeddable":true,"href":"https:\/\/www.encor.be\/index.php?rest_route=%2Fwp%2Fv2%2Fcomments&post=676"}],"version-history":[{"count":10,"href":"https:\/\/www.encor.be\/index.php?rest_route=\/wp\/v2\/pages\/676\/revisions"}],"predecessor-version":[{"id":737,"href":"https:\/\/www.encor.be\/index.php?rest_route=\/wp\/v2\/pages\/676\/revisions\/737"}],"wp:attachment":[{"href":"https:\/\/www.encor.be\/index.php?rest_route=%2Fwp%2Fv2%2Fmedia&parent=676"}],"curies":[{"name":"wp","href":"https:\/\/api.w.org\/{rel}","templated":true}]}}